{"id":117,"date":"2023-07-01T15:24:45","date_gmt":"2023-07-01T15:24:45","guid":{"rendered":"https:\/\/labequality.com\/peu\/?page_id=117"},"modified":"2023-07-04T18:41:43","modified_gmt":"2023-07-04T18:41:43","slug":"eespermaturia-que-hay-detras-de-este-hallazgo","status":"publish","type":"page","link":"https:\/\/labequality.com\/peu\/eespermaturia-que-hay-detras-de-este-hallazgo\/","title":{"rendered":"ESPERMATURIA. \u00bfQu\u00e9 hay detr\u00e1s de este hallazgo?"},"content":{"rendered":"\n<p><strong>\u00bfNo pudiste estar en el webinar en vivo?<\/strong><\/p>\n\n\n\n<p>No te preocupes, te compartimos la grabaci\u00f3n de este gran webinar donde compartimos experiencias y despejamos muchas dudas a cerca de cuando se deber\u00eda reportar un hallazgo de espermatozoides en la orina.<\/p>\n\n\n\n<p>Dale click y acomp\u00e1\u00f1anos, pero no te olvides de <strong>revisar nuestro programa<\/strong> que se encuentra <strong>al final de esta p\u00e1gina. <\/strong><\/p>\n\n\n\n<figure class=\"wp-block-embed is-type-video is-provider-youtube wp-block-embed-youtube wp-embed-aspect-16-9 wp-has-aspect-ratio\"><div class=\"wp-block-embed__wrapper\">\n<iframe loading=\"lazy\" title=\"ESPERMATURIA. \u00bfQu\u00e9 hay detr\u00e1s de este hallazgo?\" width=\"800\" height=\"450\" src=\"https:\/\/www.youtube.com\/embed\/mTav2xdnMq4?feature=oembed\" frameborder=\"0\" allow=\"accelerometer; autoplay; clipboard-write; encrypted-media; gyroscope; picture-in-picture; web-share\" allowfullscreen><\/iframe>\n<\/div><figcaption class=\"wp-element-caption\">Grabaci\u00f3n webinar en l\u00ednea.<\/figcaption><\/figure>\n\n\n\n<h2 class=\"wp-block-heading has-text-align-center has-vivid-red-color has-text-color\">ADEM\u00c1S NO OLVIDES REVISAR NUESTRO PROGRAMA<\/h2>\n\n\n<div class=\"wp-block-image\">\n<figure class=\"aligncenter size-large\"><img loading=\"lazy\" decoding=\"async\" width=\"791\" height=\"1024\" src=\"https:\/\/labequality.com\/peu\/wp-content\/uploads\/2023\/07\/PORTADA-PROGRAMA-791x1024.png\" alt=\"\" class=\"wp-image-121\" srcset=\"https:\/\/labequality.com\/peu\/wp-content\/uploads\/2023\/07\/PORTADA-PROGRAMA-791x1024.png 791w, https:\/\/labequality.com\/peu\/wp-content\/uploads\/2023\/07\/PORTADA-PROGRAMA-232x300.png 232w, https:\/\/labequality.com\/peu\/wp-content\/uploads\/2023\/07\/PORTADA-PROGRAMA-768x994.png 768w, https:\/\/labequality.com\/peu\/wp-content\/uploads\/2023\/07\/PORTADA-PROGRAMA-1187x1536.png 1187w, https:\/\/labequality.com\/peu\/wp-content\/uploads\/2023\/07\/PORTADA-PROGRAMA.png 1545w\" sizes=\"auto, (max-width: 791px) 100vw, 791px\" \/><\/figure>\n<\/div>\n\n\n<div class=\"wp-block-buttons is-content-justification-center is-layout-flex wp-container-core-buttons-is-layout-16018d1d wp-block-buttons-is-layout-flex\">\n<div class=\"wp-block-button is-style-outline is-style-outline--1\"><a class=\"wp-block-button__link has-white-color has-luminous-vivid-orange-to-vivid-red-gradient-background has-text-color has-background has-text-align-center wp-element-button\" href=\"https:\/\/labequality.com\/peu\/\" style=\"border-radius:42px\" target=\"_blank\" rel=\"noreferrer noopener\"><strong>VISITA EL PROGRAMA<\/strong><\/a><\/div>\n<\/div>\n","protected":false},"excerpt":{"rendered":"<p>\u00bfNo pudiste estar en el webinar en vivo? No te preocupes, te compartimos la grabaci\u00f3n de este gran webinar donde compartimos experiencias y despejamos muchas dudas a cerca de cuando se deber\u00eda reportar un hallazgo de espermatozoides en la orina. Dale click y acomp\u00e1\u00f1anos, pero no te olvides de revisar nuestro programa que se encuentra [&hellip;]<\/p>\n","protected":false},"author":1,"featured_media":0,"parent":0,"menu_order":0,"comment_status":"closed","ping_status":"closed","template":"","meta":{"footnotes":""},"class_list":["post-117","page","type-page","status-publish","hentry"],"_links":{"self":[{"href":"https:\/\/labequality.com\/peu\/wp-json\/wp\/v2\/pages\/117","targetHints":{"allow":["GET"]}}],"collection":[{"href":"https:\/\/labequality.com\/peu\/wp-json\/wp\/v2\/pages"}],"about":[{"href":"https:\/\/labequality.com\/peu\/wp-json\/wp\/v2\/types\/page"}],"author":[{"embeddable":true,"href":"https:\/\/labequality.com\/peu\/wp-json\/wp\/v2\/users\/1"}],"replies":[{"embeddable":true,"href":"https:\/\/labequality.com\/peu\/wp-json\/wp\/v2\/comments?post=117"}],"version-history":[{"count":7,"href":"https:\/\/labequality.com\/peu\/wp-json\/wp\/v2\/pages\/117\/revisions"}],"predecessor-version":[{"id":134,"href":"https:\/\/labequality.com\/peu\/wp-json\/wp\/v2\/pages\/117\/revisions\/134"}],"wp:attachment":[{"href":"https:\/\/labequality.com\/peu\/wp-json\/wp\/v2\/media?parent=117"}],"curies":[{"name":"wp","href":"https:\/\/api.w.org\/{rel}","templated":true}]}}