{"id":2,"date":"2023-06-27T19:15:35","date_gmt":"2023-06-27T19:15:35","guid":{"rendered":"https:\/\/labequality.com\/peu\/?page_id=2"},"modified":"2023-08-22T04:15:19","modified_gmt":"2023-08-22T04:15:19","slug":"sample-page","status":"publish","type":"page","link":"https:\/\/labequality.com\/peu\/","title":{"rendered":"PEU"},"content":{"rendered":"\t\t<div data-elementor-type=\"wp-page\" data-elementor-id=\"2\" class=\"elementor elementor-2\">\n\t\t\t\t\t\t\t\t\t<section class=\"elementor-section elementor-top-section elementor-element elementor-element-72a16bd elementor-section-boxed elementor-section-height-default elementor-section-height-default\" data-id=\"72a16bd\" data-element_type=\"section\">\n\t\t\t\t\t\t<div class=\"elementor-container elementor-column-gap-default\">\n\t\t\t\t\t<div class=\"elementor-column elementor-col-100 elementor-top-column elementor-element elementor-element-48b050b\" data-id=\"48b050b\" data-element_type=\"column\">\n\t\t\t<div class=\"elementor-widget-wrap elementor-element-populated\">\n\t\t\t\t\t\t\t\t<div class=\"elementor-element elementor-element-74289a9 elementor-widget elementor-widget-image\" data-id=\"74289a9\" data-element_type=\"widget\" data-widget_type=\"image.default\">\n\t\t\t\t<div class=\"elementor-widget-container\">\n\t\t\t<style>\/*! elementor - v3.14.0 - 26-06-2023 *\/\n.elementor-widget-image{text-align:center}.elementor-widget-image a{display:inline-block}.elementor-widget-image a img[src$=\".svg\"]{width:48px}.elementor-widget-image img{vertical-align:middle;display:inline-block}<\/style>\t\t\t\t\t\t\t\t\t\t\t\t<img loading=\"lazy\" decoding=\"async\" width=\"791\" height=\"1024\" src=\"https:\/\/labequality.com\/peu\/wp-content\/uploads\/2023\/06\/1-791x1024.png\" class=\"attachment-large size-large wp-image-36\" alt=\"\" srcset=\"https:\/\/labequality.com\/peu\/wp-content\/uploads\/2023\/06\/1-791x1024.png 791w, https:\/\/labequality.com\/peu\/wp-content\/uploads\/2023\/06\/1-232x300.png 232w, https:\/\/labequality.com\/peu\/wp-content\/uploads\/2023\/06\/1-768x994.png 768w, https:\/\/labequality.com\/peu\/wp-content\/uploads\/2023\/06\/1-1187x1536.png 1187w, https:\/\/labequality.com\/peu\/wp-content\/uploads\/2023\/06\/1.png 1545w\" sizes=\"auto, (max-width: 791px) 100vw, 791px\" \/>\t\t\t\t\t\t\t\t\t\t\t\t\t\t\t<\/div>\n\t\t\t\t<\/div>\n\t\t\t\t\t<\/div>\n\t\t<\/div>\n\t\t\t\t\t\t\t<\/div>\n\t\t<\/section>\n\t\t\t\t<section class=\"elementor-section elementor-top-section elementor-element elementor-element-a0175e8 elementor-section-boxed elementor-section-height-default elementor-section-height-default\" data-id=\"a0175e8\" data-element_type=\"section\">\n\t\t\t\t\t\t<div class=\"elementor-container elementor-column-gap-default\">\n\t\t\t\t\t<div class=\"elementor-column elementor-col-100 elementor-top-column elementor-element elementor-element-5323628\" data-id=\"5323628\" data-element_type=\"column\">\n\t\t\t<div class=\"elementor-widget-wrap elementor-element-populated\">\n\t\t\t\t\t\t\t\t<div class=\"elementor-element elementor-element-a1e3515 elementor-widget elementor-widget-image\" data-id=\"a1e3515\" data-element_type=\"widget\" data-widget_type=\"image.default\">\n\t\t\t\t<div class=\"elementor-widget-container\">\n\t\t\t\t\t\t\t\t\t\t\t\t\t\t\t<img loading=\"lazy\" decoding=\"async\" width=\"791\" height=\"1024\" src=\"https:\/\/labequality.com\/peu\/wp-content\/uploads\/2023\/06\/2-791x1024.png\" class=\"attachment-large size-large wp-image-35\" alt=\"\" srcset=\"https:\/\/labequality.com\/peu\/wp-content\/uploads\/2023\/06\/2-791x1024.png 791w, https:\/\/labequality.com\/peu\/wp-content\/uploads\/2023\/06\/2-232x300.png 232w, https:\/\/labequality.com\/peu\/wp-content\/uploads\/2023\/06\/2-768x994.png 768w, https:\/\/labequality.com\/peu\/wp-content\/uploads\/2023\/06\/2-1187x1536.png 1187w, https:\/\/labequality.com\/peu\/wp-content\/uploads\/2023\/06\/2.png 1545w\" sizes=\"auto, (max-width: 791px) 100vw, 791px\" \/>\t\t\t\t\t\t\t\t\t\t\t\t\t\t\t<\/div>\n\t\t\t\t<\/div>\n\t\t\t\t\t<\/div>\n\t\t<\/div>\n\t\t\t\t\t\t\t<\/div>\n\t\t<\/section>\n\t\t\t\t<section class=\"elementor-section elementor-top-section elementor-element elementor-element-358cbc1 elementor-section-boxed elementor-section-height-default elementor-section-height-default\" data-id=\"358cbc1\" data-element_type=\"section\">\n\t\t\t\t\t\t<div class=\"elementor-container elementor-column-gap-default\">\n\t\t\t\t\t<div class=\"elementor-column elementor-col-100 elementor-top-column elementor-element elementor-element-c691b5b\" data-id=\"c691b5b\" data-element_type=\"column\">\n\t\t\t<div class=\"elementor-widget-wrap elementor-element-populated\">\n\t\t\t\t\t\t\t\t<div class=\"elementor-element elementor-element-3c0fdf9 elementor-widget elementor-widget-image\" data-id=\"3c0fdf9\" data-element_type=\"widget\" data-widget_type=\"image.default\">\n\t\t\t\t<div class=\"elementor-widget-container\">\n\t\t\t\t\t\t\t\t\t\t\t\t\t\t\t<img loading=\"lazy\" decoding=\"async\" width=\"791\" height=\"1024\" src=\"https:\/\/labequality.com\/peu\/wp-content\/uploads\/2023\/06\/3-791x1024.png\" class=\"attachment-large size-large wp-image-34\" alt=\"\" srcset=\"https:\/\/labequality.com\/peu\/wp-content\/uploads\/2023\/06\/3-791x1024.png 791w, https:\/\/labequality.com\/peu\/wp-content\/uploads\/2023\/06\/3-232x300.png 232w, https:\/\/labequality.com\/peu\/wp-content\/uploads\/2023\/06\/3-768x994.png 768w, https:\/\/labequality.com\/peu\/wp-content\/uploads\/2023\/06\/3-1187x1536.png 1187w, https:\/\/labequality.com\/peu\/wp-content\/uploads\/2023\/06\/3.png 1545w\" sizes=\"auto, (max-width: 791px) 100vw, 791px\" \/>\t\t\t\t\t\t\t\t\t\t\t\t\t\t\t<\/div>\n\t\t\t\t<\/div>\n\t\t\t\t\t<\/div>\n\t\t<\/div>\n\t\t\t\t\t\t\t<\/div>\n\t\t<\/section>\n\t\t\t\t<section class=\"elementor-section elementor-top-section elementor-element elementor-element-b2ea7c1 elementor-section-boxed elementor-section-height-default elementor-section-height-default\" data-id=\"b2ea7c1\" data-element_type=\"section\">\n\t\t\t\t\t\t<div class=\"elementor-container elementor-column-gap-default\">\n\t\t\t\t\t<div class=\"elementor-column elementor-col-100 elementor-top-column elementor-element elementor-element-5069f17\" data-id=\"5069f17\" data-element_type=\"column\">\n\t\t\t<div class=\"elementor-widget-wrap elementor-element-populated\">\n\t\t\t\t\t\t\t\t<div class=\"elementor-element elementor-element-f980ba9 elementor-widget elementor-widget-image\" data-id=\"f980ba9\" data-element_type=\"widget\" data-widget_type=\"image.default\">\n\t\t\t\t<div class=\"elementor-widget-container\">\n\t\t\t\t\t\t\t\t\t\t\t\t\t\t\t<img loading=\"lazy\" decoding=\"async\" width=\"800\" height=\"448\" src=\"https:\/\/labequality.com\/peu\/wp-content\/uploads\/2023\/07\/opiniones-1024x574.jpg\" class=\"attachment-large size-large wp-image-127\" alt=\"\" srcset=\"https:\/\/labequality.com\/peu\/wp-content\/uploads\/2023\/07\/opiniones-1024x574.jpg 1024w, https:\/\/labequality.com\/peu\/wp-content\/uploads\/2023\/07\/opiniones-300x168.jpg 300w, https:\/\/labequality.com\/peu\/wp-content\/uploads\/2023\/07\/opiniones-768x430.jpg 768w, https:\/\/labequality.com\/peu\/wp-content\/uploads\/2023\/07\/opiniones-1536x861.jpg 1536w, https:\/\/labequality.com\/peu\/wp-content\/uploads\/2023\/07\/opiniones-2048x1147.jpg 2048w\" sizes=\"auto, (max-width: 800px) 100vw, 800px\" \/>\t\t\t\t\t\t\t\t\t\t\t\t\t\t\t<\/div>\n\t\t\t\t<\/div>\n\t\t\t\t\t<\/div>\n\t\t<\/div>\n\t\t\t\t\t\t\t<\/div>\n\t\t<\/section>\n\t\t\t\t<section class=\"elementor-section elementor-top-section elementor-element elementor-element-f455055 elementor-section-boxed elementor-section-height-default elementor-section-height-default\" data-id=\"f455055\" data-element_type=\"section\">\n\t\t\t\t\t\t<div class=\"elementor-container elementor-column-gap-default\">\n\t\t\t\t\t<div class=\"elementor-column elementor-col-100 elementor-top-column elementor-element elementor-element-d67ffe8\" data-id=\"d67ffe8\" data-element_type=\"column\">\n\t\t\t<div class=\"elementor-widget-wrap elementor-element-populated\">\n\t\t\t\t\t\t\t\t<div class=\"elementor-element elementor-element-f22ea11 elementor-widget elementor-widget-image\" data-id=\"f22ea11\" data-element_type=\"widget\" data-widget_type=\"image.default\">\n\t\t\t\t<div class=\"elementor-widget-container\">\n\t\t\t\t\t\t\t\t\t\t\t\t\t\t\t<img loading=\"lazy\" decoding=\"async\" width=\"800\" height=\"491\" src=\"https:\/\/labequality.com\/peu\/wp-content\/uploads\/2023\/06\/Captura-de-Pantalla-2023-06-27-a-las-14.35.26-1024x629.png\" class=\"attachment-large size-large wp-image-41\" alt=\"\" srcset=\"https:\/\/labequality.com\/peu\/wp-content\/uploads\/2023\/06\/Captura-de-Pantalla-2023-06-27-a-las-14.35.26-1024x629.png 1024w, https:\/\/labequality.com\/peu\/wp-content\/uploads\/2023\/06\/Captura-de-Pantalla-2023-06-27-a-las-14.35.26-300x184.png 300w, https:\/\/labequality.com\/peu\/wp-content\/uploads\/2023\/06\/Captura-de-Pantalla-2023-06-27-a-las-14.35.26-768x471.png 768w, https:\/\/labequality.com\/peu\/wp-content\/uploads\/2023\/06\/Captura-de-Pantalla-2023-06-27-a-las-14.35.26.png 1388w\" sizes=\"auto, (max-width: 800px) 100vw, 800px\" \/>\t\t\t\t\t\t\t\t\t\t\t\t\t\t\t<\/div>\n\t\t\t\t<\/div>\n\t\t\t\t\t<\/div>\n\t\t<\/div>\n\t\t\t\t\t\t\t<\/div>\n\t\t<\/section>\n\t\t\t\t<section class=\"elementor-section elementor-top-section elementor-element elementor-element-65f3525 elementor-section-boxed elementor-section-height-default elementor-section-height-default\" data-id=\"65f3525\" data-element_type=\"section\">\n\t\t\t\t\t\t<div class=\"elementor-container elementor-column-gap-default\">\n\t\t\t\t\t<div class=\"elementor-column elementor-col-100 elementor-top-column elementor-element elementor-element-c8ae873\" data-id=\"c8ae873\" data-element_type=\"column\">\n\t\t\t<div class=\"elementor-widget-wrap\">\n\t\t\t\t\t\t\t\t\t<\/div>\n\t\t<\/div>\n\t\t\t\t\t\t\t<\/div>\n\t\t<\/section>\n\t\t\t\t<section class=\"elementor-section elementor-top-section elementor-element elementor-element-04fc633 elementor-section-boxed elementor-section-height-default elementor-section-height-default\" data-id=\"04fc633\" data-element_type=\"section\">\n\t\t\t\t\t\t<div class=\"elementor-container elementor-column-gap-default\">\n\t\t\t\t\t<div class=\"elementor-column elementor-col-100 elementor-top-column elementor-element elementor-element-b588e42\" data-id=\"b588e42\" data-element_type=\"column\">\n\t\t\t<div class=\"elementor-widget-wrap elementor-element-populated\">\n\t\t\t\t\t\t\t\t<div class=\"elementor-element elementor-element-65508cf elementor-widget elementor-widget-image\" data-id=\"65508cf\" data-element_type=\"widget\" data-widget_type=\"image.default\">\n\t\t\t\t<div class=\"elementor-widget-container\">\n\t\t\t\t\t\t\t\t\t\t\t\t\t\t\t<img loading=\"lazy\" decoding=\"async\" width=\"791\" height=\"1024\" src=\"https:\/\/labequality.com\/peu\/wp-content\/uploads\/2023\/06\/6-1-791x1024.png\" class=\"attachment-large size-large wp-image-99\" alt=\"\" srcset=\"https:\/\/labequality.com\/peu\/wp-content\/uploads\/2023\/06\/6-1-791x1024.png 791w, https:\/\/labequality.com\/peu\/wp-content\/uploads\/2023\/06\/6-1-232x300.png 232w, https:\/\/labequality.com\/peu\/wp-content\/uploads\/2023\/06\/6-1-768x994.png 768w, https:\/\/labequality.com\/peu\/wp-content\/uploads\/2023\/06\/6-1-1187x1536.png 1187w, https:\/\/labequality.com\/peu\/wp-content\/uploads\/2023\/06\/6-1.png 1545w\" sizes=\"auto, (max-width: 791px) 100vw, 791px\" \/>\t\t\t\t\t\t\t\t\t\t\t\t\t\t\t<\/div>\n\t\t\t\t<\/div>\n\t\t\t\t<div class=\"elementor-element elementor-element-686c3f1 elementor-widget__width-auto elementor-widget elementor-widget-button\" data-id=\"686c3f1\" data-element_type=\"widget\" data-widget_type=\"button.default\">\n\t\t\t\t<div class=\"elementor-widget-container\">\n\t\t\t\t\t<div class=\"elementor-button-wrapper\">\n\t\t\t<a class=\"elementor-button elementor-button-link elementor-size-xl elementor-animation-pulse-grow\" href=\"https:\/\/docs.google.com\/forms\/d\/e\/1FAIpQLScmXUc-dBLOpm1UtNm4x1UxUdO2bUrn9rkBqz_lmXFMwJtSjA\/viewform?usp=sf_link\" target=\"_blank\">\n\t\t\t\t\t\t<span class=\"elementor-button-content-wrapper\">\n\t\t\t\t\t\t<span class=\"elementor-button-icon elementor-align-icon-left\">\n\t\t\t\t<i aria-hidden=\"true\" class=\"far fa-arrow-alt-circle-right\"><\/i>\t\t\t<\/span>\n\t\t\t\t\t\t<span class=\"elementor-button-text\">REGISTRATE AQU\u00cd<\/span>\n\t\t<\/span>\n\t\t\t\t\t<\/a>\n\t\t<\/div>\n\t\t\t\t<\/div>\n\t\t\t\t<\/div>\n\t\t\t\t\t<\/div>\n\t\t<\/div>\n\t\t\t\t\t\t\t<\/div>\n\t\t<\/section>\n\t\t\t\t<section class=\"elementor-section elementor-top-section elementor-element elementor-element-d8edb6e elementor-section-boxed elementor-section-height-default elementor-section-height-default\" data-id=\"d8edb6e\" data-element_type=\"section\">\n\t\t\t\t\t\t<div class=\"elementor-container elementor-column-gap-default\">\n\t\t\t\t\t<div class=\"elementor-column elementor-col-100 elementor-top-column elementor-element elementor-element-eec1740\" data-id=\"eec1740\" data-element_type=\"column\">\n\t\t\t<div class=\"elementor-widget-wrap elementor-element-populated\">\n\t\t\t\t\t\t\t\t<div class=\"elementor-element elementor-element-cd7de1c elementor-widget elementor-widget-image\" data-id=\"cd7de1c\" data-element_type=\"widget\" data-widget_type=\"image.default\">\n\t\t\t\t<div class=\"elementor-widget-container\">\n\t\t\t\t\t\t\t\t\t\t\t\t\t\t\t<img loading=\"lazy\" decoding=\"async\" width=\"225\" height=\"224\" src=\"https:\/\/labequality.com\/peu\/wp-content\/uploads\/2023\/07\/garantia-7-dias.jpeg\" class=\"attachment-large size-large wp-image-137\" alt=\"\" srcset=\"https:\/\/labequality.com\/peu\/wp-content\/uploads\/2023\/07\/garantia-7-dias.jpeg 225w, https:\/\/labequality.com\/peu\/wp-content\/uploads\/2023\/07\/garantia-7-dias-150x150.jpeg 150w\" sizes=\"auto, (max-width: 225px) 100vw, 225px\" \/>\t\t\t\t\t\t\t\t\t\t\t\t\t\t\t<\/div>\n\t\t\t\t<\/div>\n\t\t\t\t\t<\/div>\n\t\t<\/div>\n\t\t\t\t\t\t\t<\/div>\n\t\t<\/section>\n\t\t\t\t<section class=\"elementor-section elementor-top-section elementor-element elementor-element-6e8d4c2 elementor-section-boxed elementor-section-height-default elementor-section-height-default\" data-id=\"6e8d4c2\" data-element_type=\"section\">\n\t\t\t\t\t\t<div class=\"elementor-container elementor-column-gap-default\">\n\t\t\t\t\t<div class=\"elementor-column elementor-col-100 elementor-top-column elementor-element elementor-element-ab8b320\" data-id=\"ab8b320\" data-element_type=\"column\">\n\t\t\t<div class=\"elementor-widget-wrap elementor-element-populated\">\n\t\t\t\t\t\t\t\t<div class=\"elementor-element elementor-element-0abbd0d elementor-widget elementor-widget-text-editor\" data-id=\"0abbd0d\" data-element_type=\"widget\" data-widget_type=\"text-editor.default\">\n\t\t\t\t<div class=\"elementor-widget-container\">\n\t\t\t<style>\/*! elementor - v3.14.0 - 26-06-2023 *\/\n.elementor-widget-text-editor.elementor-drop-cap-view-stacked .elementor-drop-cap{background-color:#69727d;color:#fff}.elementor-widget-text-editor.elementor-drop-cap-view-framed .elementor-drop-cap{color:#69727d;border:3px solid;background-color:transparent}.elementor-widget-text-editor:not(.elementor-drop-cap-view-default) .elementor-drop-cap{margin-top:8px}.elementor-widget-text-editor:not(.elementor-drop-cap-view-default) .elementor-drop-cap-letter{width:1em;height:1em}.elementor-widget-text-editor .elementor-drop-cap{float:left;text-align:center;line-height:1;font-size:50px}.elementor-widget-text-editor .elementor-drop-cap-letter{display:inline-block}<\/style>\t\t\t\t<h2 style=\"text-align: center;\"><span style=\"color: #000000;\">Si en 7 d\u00edas de iniciado el programa, no est\u00e1s satisfecho\/a con lo que obtuviste, te devolvemos tu dinero.<\/span><\/h2>\t\t\t\t\t\t<\/div>\n\t\t\t\t<\/div>\n\t\t\t\t\t<\/div>\n\t\t<\/div>\n\t\t\t\t\t\t\t<\/div>\n\t\t<\/section>\n\t\t\t\t<section class=\"elementor-section elementor-top-section elementor-element elementor-element-4316b40 elementor-section-boxed elementor-section-height-default elementor-section-height-default\" data-id=\"4316b40\" data-element_type=\"section\">\n\t\t\t\t\t\t<div class=\"elementor-container elementor-column-gap-default\">\n\t\t\t\t\t<div class=\"elementor-column elementor-col-100 elementor-top-column elementor-element elementor-element-b1d395d\" data-id=\"b1d395d\" data-element_type=\"column\">\n\t\t\t<div class=\"elementor-widget-wrap elementor-element-populated\">\n\t\t\t\t\t\t\t\t<div class=\"elementor-element elementor-element-bb3f52b elementor-widget elementor-widget-heading\" data-id=\"bb3f52b\" data-element_type=\"widget\" data-widget_type=\"heading.default\">\n\t\t\t\t<div class=\"elementor-widget-container\">\n\t\t\t<style>\/*! elementor - v3.14.0 - 26-06-2023 *\/\n.elementor-heading-title{padding:0;margin:0;line-height:1}.elementor-widget-heading .elementor-heading-title[class*=elementor-size-]>a{color:inherit;font-size:inherit;line-height:inherit}.elementor-widget-heading .elementor-heading-title.elementor-size-small{font-size:15px}.elementor-widget-heading .elementor-heading-title.elementor-size-medium{font-size:19px}.elementor-widget-heading .elementor-heading-title.elementor-size-large{font-size:29px}.elementor-widget-heading .elementor-heading-title.elementor-size-xl{font-size:39px}.elementor-widget-heading .elementor-heading-title.elementor-size-xxl{font-size:59px}<\/style><h2 class=\"elementor-heading-title elementor-size-default\">OPCIONES DE PAGO:<\/h2>\t\t<\/div>\n\t\t\t\t<\/div>\n\t\t\t\t\t<\/div>\n\t\t<\/div>\n\t\t\t\t\t\t\t<\/div>\n\t\t<\/section>\n\t\t\t\t<section class=\"elementor-section elementor-top-section elementor-element elementor-element-19c4120 elementor-section-boxed elementor-section-height-default elementor-section-height-default\" data-id=\"19c4120\" data-element_type=\"section\">\n\t\t\t\t\t\t<div class=\"elementor-container elementor-column-gap-default\">\n\t\t\t\t\t<div class=\"elementor-column elementor-col-50 elementor-top-column elementor-element elementor-element-8986598\" data-id=\"8986598\" data-element_type=\"column\">\n\t\t\t<div class=\"elementor-widget-wrap elementor-element-populated\">\n\t\t\t\t\t\t\t\t<div class=\"elementor-element elementor-element-45385d0 elementor-widget elementor-widget-image\" data-id=\"45385d0\" data-element_type=\"widget\" data-widget_type=\"image.default\">\n\t\t\t\t<div class=\"elementor-widget-container\">\n\t\t\t\t\t\t\t\t\t\t\t\t\t\t\t<img loading=\"lazy\" decoding=\"async\" width=\"692\" height=\"828\" src=\"https:\/\/labequality.com\/peu\/wp-content\/uploads\/2023\/06\/Captura-de-Pantalla-2023-05-16-a-las-21.11.16.png\" class=\"attachment-large size-large wp-image-79\" alt=\"\" srcset=\"https:\/\/labequality.com\/peu\/wp-content\/uploads\/2023\/06\/Captura-de-Pantalla-2023-05-16-a-las-21.11.16.png 692w, https:\/\/labequality.com\/peu\/wp-content\/uploads\/2023\/06\/Captura-de-Pantalla-2023-05-16-a-las-21.11.16-251x300.png 251w\" sizes=\"auto, (max-width: 692px) 100vw, 692px\" \/>\t\t\t\t\t\t\t\t\t\t\t\t\t\t\t<\/div>\n\t\t\t\t<\/div>\n\t\t\t\t<div class=\"elementor-element elementor-element-4df58aa elementor-widget elementor-widget-text-editor\" data-id=\"4df58aa\" data-element_type=\"widget\" data-widget_type=\"text-editor.default\">\n\t\t\t\t<div class=\"elementor-widget-container\">\n\t\t\t\t\t\t\t\t\t\t\t\t\t<\/div>\n\t\t\t\t<\/div>\n\t\t\t\t\t<\/div>\n\t\t<\/div>\n\t\t\t\t<div class=\"elementor-column elementor-col-50 elementor-top-column elementor-element elementor-element-6d403c2\" data-id=\"6d403c2\" data-element_type=\"column\">\n\t\t\t<div class=\"elementor-widget-wrap elementor-element-populated\">\n\t\t\t\t\t\t\t\t<div class=\"elementor-element elementor-element-3756380 elementor-widget elementor-widget-text-editor\" data-id=\"3756380\" data-element_type=\"widget\" data-widget_type=\"text-editor.default\">\n\t\t\t\t<div class=\"elementor-widget-container\">\n\t\t\t\t\t\t\t\t\t\t\t\t\t<\/div>\n\t\t\t\t<\/div>\n\t\t\t\t<div class=\"elementor-element elementor-element-5d77f84 elementor-widget elementor-widget-image\" data-id=\"5d77f84\" data-element_type=\"widget\" data-widget_type=\"image.default\">\n\t\t\t\t<div class=\"elementor-widget-container\">\n\t\t\t\t\t\t\t\t\t\t\t\t\t\t\t<img loading=\"lazy\" decoding=\"async\" width=\"223\" height=\"300\" src=\"https:\/\/labequality.com\/peu\/wp-content\/uploads\/2023\/07\/Captura-de-Pantalla-2023-07-01-a-las-12.47.20-223x300.png\" class=\"attachment-medium size-medium wp-image-129\" alt=\"\" srcset=\"https:\/\/labequality.com\/peu\/wp-content\/uploads\/2023\/07\/Captura-de-Pantalla-2023-07-01-a-las-12.47.20-223x300.png 223w, https:\/\/labequality.com\/peu\/wp-content\/uploads\/2023\/07\/Captura-de-Pantalla-2023-07-01-a-las-12.47.20.png 628w\" sizes=\"auto, (max-width: 223px) 100vw, 223px\" \/>\t\t\t\t\t\t\t\t\t\t\t\t\t\t\t<\/div>\n\t\t\t\t<\/div>\n\t\t\t\t<div class=\"elementor-element elementor-element-62b0131 elementor-widget elementor-widget-image\" data-id=\"62b0131\" data-element_type=\"widget\" data-widget_type=\"image.default\">\n\t\t\t\t<div class=\"elementor-widget-container\">\n\t\t\t\t\t\t\t\t\t\t\t\t\t\t\t<img loading=\"lazy\" decoding=\"async\" width=\"272\" height=\"300\" src=\"https:\/\/labequality.com\/peu\/wp-content\/uploads\/2023\/07\/Captura-de-Pantalla-2023-07-01-a-las-12.47.32-272x300.png\" class=\"attachment-medium size-medium wp-image-128\" alt=\"\" srcset=\"https:\/\/labequality.com\/peu\/wp-content\/uploads\/2023\/07\/Captura-de-Pantalla-2023-07-01-a-las-12.47.32-272x300.png 272w, https:\/\/labequality.com\/peu\/wp-content\/uploads\/2023\/07\/Captura-de-Pantalla-2023-07-01-a-las-12.47.32.png 632w\" sizes=\"auto, (max-width: 272px) 100vw, 272px\" \/>\t\t\t\t\t\t\t\t\t\t\t\t\t\t\t<\/div>\n\t\t\t\t<\/div>\n\t\t\t\t\t<\/div>\n\t\t<\/div>\n\t\t\t\t\t\t\t<\/div>\n\t\t<\/section>\n\t\t\t\t<section class=\"elementor-section elementor-top-section elementor-element elementor-element-82100a1 elementor-section-boxed elementor-section-height-default elementor-section-height-default\" data-id=\"82100a1\" data-element_type=\"section\">\n\t\t\t\t\t\t<div class=\"elementor-container elementor-column-gap-default\">\n\t\t\t\t\t<div class=\"elementor-column elementor-col-100 elementor-top-column elementor-element elementor-element-c094242\" data-id=\"c094242\" data-element_type=\"column\">\n\t\t\t<div class=\"elementor-widget-wrap elementor-element-populated\">\n\t\t\t\t\t\t\t\t<div class=\"elementor-element elementor-element-dba49ad elementor-widget elementor-widget-text-editor\" data-id=\"dba49ad\" data-element_type=\"widget\" data-widget_type=\"text-editor.default\">\n\t\t\t\t<div class=\"elementor-widget-container\">\n\t\t\t\t\t\t\t<h1>OTRAS OPCIONES DE PAGO:<\/h1>\t\t\t\t\t\t<\/div>\n\t\t\t\t<\/div>\n\t\t\t\t\t<\/div>\n\t\t<\/div>\n\t\t\t\t\t\t\t<\/div>\n\t\t<\/section>\n\t\t\t\t<section class=\"elementor-section elementor-top-section elementor-element elementor-element-f7d7d08 elementor-section-boxed elementor-section-height-default elementor-section-height-default\" data-id=\"f7d7d08\" data-element_type=\"section\">\n\t\t\t\t\t\t<div class=\"elementor-container elementor-column-gap-default\">\n\t\t\t\t\t<div class=\"elementor-column elementor-col-100 elementor-top-column elementor-element elementor-element-ce66b79\" data-id=\"ce66b79\" data-element_type=\"column\">\n\t\t\t<div class=\"elementor-widget-wrap elementor-element-populated\">\n\t\t\t\t\t\t\t\t<div class=\"elementor-element elementor-element-000775c elementor-widget elementor-widget-image\" data-id=\"000775c\" data-element_type=\"widget\" data-widget_type=\"image.default\">\n\t\t\t\t<div class=\"elementor-widget-container\">\n\t\t\t\t\t\t\t\t\t\t\t\t\t\t\t<img loading=\"lazy\" decoding=\"async\" width=\"800\" height=\"321\" src=\"https:\/\/labequality.com\/peu\/wp-content\/uploads\/2023\/06\/Captura-de-Pantalla-2023-05-16-a-las-21.11.08-1024x411.png\" class=\"attachment-large size-large wp-image-103\" alt=\"\" srcset=\"https:\/\/labequality.com\/peu\/wp-content\/uploads\/2023\/06\/Captura-de-Pantalla-2023-05-16-a-las-21.11.08-1024x411.png 1024w, https:\/\/labequality.com\/peu\/wp-content\/uploads\/2023\/06\/Captura-de-Pantalla-2023-05-16-a-las-21.11.08-300x120.png 300w, https:\/\/labequality.com\/peu\/wp-content\/uploads\/2023\/06\/Captura-de-Pantalla-2023-05-16-a-las-21.11.08-768x308.png 768w, https:\/\/labequality.com\/peu\/wp-content\/uploads\/2023\/06\/Captura-de-Pantalla-2023-05-16-a-las-21.11.08.png 1062w\" sizes=\"auto, (max-width: 800px) 100vw, 800px\" \/>\t\t\t\t\t\t\t\t\t\t\t\t\t\t\t<\/div>\n\t\t\t\t<\/div>\n\t\t\t\t\t<\/div>\n\t\t<\/div>\n\t\t\t\t\t\t\t<\/div>\n\t\t<\/section>\n\t\t\t\t\t\t\t<\/div>\n\t\t","protected":false},"excerpt":{"rendered":"<p>REGISTRATE AQU\u00cd Si en 7 d\u00edas de iniciado el programa, no est\u00e1s satisfecho\/a con lo que obtuviste, te devolvemos tu dinero. OPCIONES DE PAGO: OTRAS OPCIONES DE PAGO:<\/p>\n","protected":false},"author":1,"featured_media":0,"parent":0,"menu_order":0,"comment_status":"closed","ping_status":"open","template":"","meta":{"footnotes":""},"class_list":["post-2","page","type-page","status-publish","hentry"],"_links":{"self":[{"href":"https:\/\/labequality.com\/peu\/wp-json\/wp\/v2\/pages\/2","targetHints":{"allow":["GET"]}}],"collection":[{"href":"https:\/\/labequality.com\/peu\/wp-json\/wp\/v2\/pages"}],"about":[{"href":"https:\/\/labequality.com\/peu\/wp-json\/wp\/v2\/types\/page"}],"author":[{"embeddable":true,"href":"https:\/\/labequality.com\/peu\/wp-json\/wp\/v2\/users\/1"}],"replies":[{"embeddable":true,"href":"https:\/\/labequality.com\/peu\/wp-json\/wp\/v2\/comments?post=2"}],"version-history":[{"count":75,"href":"https:\/\/labequality.com\/peu\/wp-json\/wp\/v2\/pages\/2\/revisions"}],"predecessor-version":[{"id":163,"href":"https:\/\/labequality.com\/peu\/wp-json\/wp\/v2\/pages\/2\/revisions\/163"}],"wp:attachment":[{"href":"https:\/\/labequality.com\/peu\/wp-json\/wp\/v2\/media?parent=2"}],"curies":[{"name":"wp","href":"https:\/\/api.w.org\/{rel}","templated":true}]}}